{"id":18,"date":"2024-03-28T16:17:35","date_gmt":"2024-03-28T19:17:35","guid":{"rendered":"https:\/\/meubanker.com\/?page_id=18"},"modified":"2024-03-28T21:40:22","modified_gmt":"2024-03-29T00:40:22","slug":"pagina-finalizada","status":"publish","type":"page","link":"https:\/\/meubanker.com\/?page_id=18","title":{"rendered":"Pagina finalizada"},"content":{"rendered":"\t\t<div data-elementor-type=\"wp-page\" data-elementor-id=\"18\" class=\"elementor elementor-18\" data-elementor-post-type=\"page\">\n\t\t\t\t<div class=\"elementor-element elementor-element-07d15e3 e-con-full e-flex e-con e-parent\" data-id=\"07d15e3\" data-element_type=\"container\" data-settings=\"{&quot;background_background&quot;:&quot;classic&quot;}\" data-core-v316-plus=\"true\">\n\t\t<div class=\"elementor-element elementor-element-af78403 e-con-full e-flex e-con e-child\" data-id=\"af78403\" data-element_type=\"container\">\n\t\t\t\t<div class=\"elementor-element elementor-element-765be40 elementor-widget elementor-widget-image\" data-id=\"765be40\" data-element_type=\"widget\" data-widget_type=\"image.default\">\n\t\t\t\t<div class=\"elementor-widget-container\">\n\t\t\t<style>\/*! elementor - v3.20.0 - 26-03-2024 *\/\n.elementor-widget-image{text-align:center}.elementor-widget-image a{display:inline-block}.elementor-widget-image a img[src$=\".svg\"]{width:48px}.elementor-widget-image img{vertical-align:middle;display:inline-block}<\/style>\t\t\t\t\t\t\t\t\t\t<img fetchpriority=\"high\" decoding=\"async\" width=\"2048\" height=\"532\" src=\"https:\/\/meubanker.com\/wp-content\/uploads\/2024\/03\/banker-e1711670030504-2048x532.png\" class=\"attachment-2048x2048 size-2048x2048 wp-image-231\" alt=\"\" srcset=\"https:\/\/meubanker.com\/wp-content\/uploads\/2024\/03\/banker-e1711670030504-2048x532.png 2048w, https:\/\/meubanker.com\/wp-content\/uploads\/2024\/03\/banker-e1711670030504-300x78.png 300w, https:\/\/meubanker.com\/wp-content\/uploads\/2024\/03\/banker-e1711670030504-1024x266.png 1024w, https:\/\/meubanker.com\/wp-content\/uploads\/2024\/03\/banker-e1711670030504-768x200.png 768w, https:\/\/meubanker.com\/wp-content\/uploads\/2024\/03\/banker-e1711670030504-1536x399.png 1536w\" sizes=\"(max-width: 2048px) 100vw, 2048px\" \/>\t\t\t\t\t\t\t\t\t\t\t\t\t<\/div>\n\t\t\t\t<\/div>\n\t\t\t\t<div class=\"elementor-element elementor-element-25fc75ff animated-slow elementor-widget-mobile__width-initial elementor-invisible elementor-widget elementor-widget-heading\" data-id=\"25fc75ff\" data-element_type=\"widget\" data-settings=\"{&quot;_animation&quot;:&quot;slideInUp&quot;,&quot;motion_fx_motion_fx_scrolling&quot;:&quot;yes&quot;,&quot;motion_fx_motion_fx_mouse&quot;:&quot;yes&quot;,&quot;motion_fx_devices&quot;:[&quot;desktop&quot;,&quot;tablet&quot;,&quot;mobile&quot;]}\" data-widget_type=\"heading.default\">\n\t\t\t\t<div class=\"elementor-widget-container\">\n\t\t\t<style>\/*! elementor - v3.20.0 - 26-03-2024 *\/\n.elementor-heading-title{padding:0;margin:0;line-height:1}.elementor-widget-heading .elementor-heading-title[class*=elementor-size-]>a{color:inherit;font-size:inherit;line-height:inherit}.elementor-widget-heading .elementor-heading-title.elementor-size-small{font-size:15px}.elementor-widget-heading .elementor-heading-title.elementor-size-medium{font-size:19px}.elementor-widget-heading .elementor-heading-title.elementor-size-large{font-size:29px}.elementor-widget-heading .elementor-heading-title.elementor-size-xl{font-size:39px}.elementor-widget-heading .elementor-heading-title.elementor-size-xxl{font-size:59px}<\/style><h2 class=\"elementor-heading-title elementor-size-default\">Transforme seu im\u00f3vel em oportunidades sem precedentes com Meu Banker!<\/h2>\t\t<\/div>\n\t\t\t\t<\/div>\n\t\t\t\t<\/div>\n\t\t\t\t<\/div>\n\t\t<div class=\"elementor-element elementor-element-4c18b91 e-con-full e-flex e-con e-parent\" data-id=\"4c18b91\" data-element_type=\"container\" data-core-v316-plus=\"true\">\n\t\t<div class=\"elementor-element elementor-element-5e1a6e1 e-con-full e-flex e-con e-child\" data-id=\"5e1a6e1\" data-element_type=\"container\">\n\t\t\t\t<div class=\"elementor-element elementor-element-5817f881 elementor-widget elementor-widget-image\" data-id=\"5817f881\" data-element_type=\"widget\" data-widget_type=\"image.default\">\n\t\t\t\t<div class=\"elementor-widget-container\">\n\t\t\t\t\t\t\t\t\t\t\t\t\t<img decoding=\"async\" width=\"2000\" height=\"2000\" src=\"https:\/\/meubanker.com\/wp-content\/uploads\/2024\/03\/Design-sem-nome-4.png\" class=\"attachment-full size-full wp-image-227\" alt=\"\" srcset=\"https:\/\/meubanker.com\/wp-content\/uploads\/2024\/03\/Design-sem-nome-4.png 2000w, https:\/\/meubanker.com\/wp-content\/uploads\/2024\/03\/Design-sem-nome-4-300x300.png 300w, https:\/\/meubanker.com\/wp-content\/uploads\/2024\/03\/Design-sem-nome-4-1024x1024.png 1024w, https:\/\/meubanker.com\/wp-content\/uploads\/2024\/03\/Design-sem-nome-4-150x150.png 150w, https:\/\/meubanker.com\/wp-content\/uploads\/2024\/03\/Design-sem-nome-4-768x768.png 768w, https:\/\/meubanker.com\/wp-content\/uploads\/2024\/03\/Design-sem-nome-4-1536x1536.png 1536w\" sizes=\"(max-width: 2000px) 100vw, 2000px\" \/>\t\t\t\t\t\t\t\t\t\t\t\t\t<\/div>\n\t\t\t\t<\/div>\n\t\t\t\t<\/div>\n\t\t<div class=\"elementor-element elementor-element-66947ce e-con-full e-flex e-con e-child\" data-id=\"66947ce\" data-element_type=\"container\">\n\t\t<div class=\"elementor-element elementor-element-e8d30fa e-con-full e-flex e-con e-child\" data-id=\"e8d30fa\" data-element_type=\"container\">\n\t\t\t\t<div class=\"elementor-element elementor-element-4c5f3529 elementor-widget__width-initial elementor-widget-tablet__width-initial elementor-widget elementor-widget-heading\" data-id=\"4c5f3529\" data-element_type=\"widget\" data-widget_type=\"heading.default\">\n\t\t\t\t<div class=\"elementor-widget-container\">\n\t\t\t<h1 class=\"elementor-heading-title elementor-size-default\">Descubra uma forma exclusiva e inovadora de financiar seu im\u00f3vel<\/h1>\t\t<\/div>\n\t\t\t\t<\/div>\n\t\t\t\t<\/div>\n\t\t<div class=\"elementor-element elementor-element-a655e25 e-con-full e-flex e-con e-child\" data-id=\"a655e25\" data-element_type=\"container\">\n\t\t\t\t<div class=\"elementor-element elementor-element-12c45914 elementor-widget elementor-widget-text-editor\" data-id=\"12c45914\" data-element_type=\"widget\" data-widget_type=\"text-editor.default\">\n\t\t\t\t<div class=\"elementor-widget-container\">\n\t\t\t<style>\/*! elementor - v3.20.0 - 26-03-2024 *\/\n.elementor-widget-text-editor.elementor-drop-cap-view-stacked .elementor-drop-cap{background-color:#69727d;color:#fff}.elementor-widget-text-editor.elementor-drop-cap-view-framed .elementor-drop-cap{color:#69727d;border:3px solid;background-color:transparent}.elementor-widget-text-editor:not(.elementor-drop-cap-view-default) .elementor-drop-cap{margin-top:8px}.elementor-widget-text-editor:not(.elementor-drop-cap-view-default) .elementor-drop-cap-letter{width:1em;height:1em}.elementor-widget-text-editor .elementor-drop-cap{float:left;text-align:center;line-height:1;font-size:50px}.elementor-widget-text-editor .elementor-drop-cap-letter{display:inline-block}<\/style>\t\t\t\t<p>Oferecemos cr\u00e9ditos adapt\u00e1veis que abrem caminho para alcan\u00e7ar seus objetivos, com taxas atrativas e pagamentos estendidos, mantendo sempre a sua propriedade. Explore diversas op\u00e7\u00f5es, todas selecionadas por especialistas, garantindo a solu\u00e7\u00e3o exata para suas necessidades, acess\u00edveis digitalmente.&nbsp;<span style=\"letter-spacing: 0px; word-spacing: 0em; text-align: var(--text-align);\">Taxas a partir de 0,98% a.m, c<\/span><span style=\"letter-spacing: 0px; word-spacing: 0em; text-align: var(--text-align);\">r\u00e9ditos acima de R$ 200mil, a<\/span><span style=\"letter-spacing: 0px; word-spacing: 0em; text-align: var(--text-align);\">t\u00e9 240 meses para pagar.<\/span><\/p>\n<div><br><\/div>\t\t\t\t\t\t<\/div>\n\t\t\t\t<\/div>\n\t\t\t\t<div class=\"elementor-element elementor-element-a72b312 elementor-mobile-align-center elementor-invisible elementor-widget elementor-widget-button\" data-id=\"a72b312\" data-element_type=\"widget\" data-settings=\"{&quot;_animation&quot;:&quot;fadeInDown&quot;}\" data-widget_type=\"button.default\">\n\t\t\t\t<div class=\"elementor-widget-container\">\n\t\t\t\t\t<div class=\"elementor-button-wrapper\">\n\t\t\t<a class=\"elementor-button elementor-button-link elementor-size-sm\" href=\"https:\/\/api.whatsapp.com\/send?phone=5512981622324&#038;text=Ol%C3%A1,%20gostaria%20de%20saber%20mais%20sobre%20o%20Meu%20Banker.\">\n\t\t\t\t\t\t<span class=\"elementor-button-content-wrapper\">\n\t\t\t\t\t\t<span class=\"elementor-button-text\">Fale com seu Personal Banker<\/span>\n\t\t<\/span>\n\t\t\t\t\t<\/a>\n\t\t<\/div>\n\t\t\t\t<\/div>\n\t\t\t\t<\/div>\n\t\t\t\t<\/div>\n\t\t\t\t<\/div>\n\t\t\t\t<\/div>\n\t\t<div class=\"elementor-element elementor-element-1bf94d7 e-con-full e-flex e-con e-parent\" data-id=\"1bf94d7\" data-element_type=\"container\" data-core-v316-plus=\"true\">\n\t\t<div class=\"elementor-element elementor-element-fdebf68 e-con-full e-flex e-con e-child\" data-id=\"fdebf68\" data-element_type=\"container\">\n\t\t<div class=\"elementor-element elementor-element-5d00911 e-con-full e-flex e-con e-child\" data-id=\"5d00911\" data-element_type=\"container\">\n\t\t\t\t<div class=\"elementor-element elementor-element-54838be elementor-widget__width-initial elementor-widget elementor-widget-heading\" data-id=\"54838be\" data-element_type=\"widget\" data-widget_type=\"heading.default\">\n\t\t\t\t<div class=\"elementor-widget-container\">\n\t\t\t<h1 class=\"elementor-heading-title elementor-size-default\">Sua ponte para solu\u00e7\u00f5es financeiras personalizadas<\/h1>\t\t<\/div>\n\t\t\t\t<\/div>\n\t\t\t\t<\/div>\n\t\t<div class=\"elementor-element elementor-element-10ef523 e-con-full e-flex e-con e-child\" data-id=\"10ef523\" data-element_type=\"container\">\n\t\t\t\t<div class=\"elementor-element elementor-element-98189bb elementor-widget elementor-widget-text-editor\" data-id=\"98189bb\" data-element_type=\"widget\" data-widget_type=\"text-editor.default\">\n\t\t\t\t<div class=\"elementor-widget-container\">\n\t\t\t\t\t\t\t<p>Na Meu Banker, reinventamos o acesso a produtos financeiros, combinando inova\u00e7\u00e3o com um servi\u00e7o altamente personalizado. Nossa abordagem \u00fanica coloca voc\u00ea no centro, com um Personal Banker dedicado a entender suas necessidades e objetivos. Juntos, exploramos um universo de mais de 150 produtos financeiros, desde cr\u00e9ditos imobili\u00e1rios com condi\u00e7\u00f5es favor\u00e1veis at\u00e9 op\u00e7\u00f5es de investimento, todos acess\u00edveis digitalmente e filtrados para atender exatamente ao que voc\u00ea busca.<\/p>\t\t\t\t\t\t<\/div>\n\t\t\t\t<\/div>\n\t\t\t\t<\/div>\n\t\t\t\t<\/div>\n\t\t\t\t<div class=\"elementor-element elementor-element-4534059 elementor-widget elementor-widget-image\" data-id=\"4534059\" data-element_type=\"widget\" data-widget_type=\"image.default\">\n\t\t\t\t<div class=\"elementor-widget-container\">\n\t\t\t\t\t\t\t\t\t\t\t\t\t<img decoding=\"async\" width=\"1843\" height=\"1365\" src=\"https:\/\/meubanker.com\/wp-content\/uploads\/2024\/03\/DSC08989-1-e1711652445812.jpg\" class=\"attachment-full size-full wp-image-30\" alt=\"\" srcset=\"https:\/\/meubanker.com\/wp-content\/uploads\/2024\/03\/DSC08989-1-e1711652445812.jpg 1843w, https:\/\/meubanker.com\/wp-content\/uploads\/2024\/03\/DSC08989-1-e1711652445812-300x222.jpg 300w, https:\/\/meubanker.com\/wp-content\/uploads\/2024\/03\/DSC08989-1-e1711652445812-1024x758.jpg 1024w, https:\/\/meubanker.com\/wp-content\/uploads\/2024\/03\/DSC08989-1-e1711652445812-768x569.jpg 768w, https:\/\/meubanker.com\/wp-content\/uploads\/2024\/03\/DSC08989-1-e1711652445812-1536x1138.jpg 1536w\" sizes=\"(max-width: 1843px) 100vw, 1843px\" \/>\t\t\t\t\t\t\t\t\t\t\t\t\t<\/div>\n\t\t\t\t<\/div>\n\t\t\t\t<\/div>\n\t\t<div class=\"elementor-element elementor-element-dc9304e e-grid e-con-full e-con e-parent\" data-id=\"dc9304e\" data-element_type=\"container\" data-core-v316-plus=\"true\">\n\t\t\t\t<div class=\"elementor-element elementor-element-5beedac elementor-widget elementor-widget-heading\" data-id=\"5beedac\" data-element_type=\"widget\" data-widget_type=\"heading.default\">\n\t\t\t\t<div class=\"elementor-widget-container\">\n\t\t\t<h1 class=\"elementor-heading-title elementor-size-default\">Personaliza\u00e7\u00e3o no Atendimento:<\/h1>\t\t<\/div>\n\t\t\t\t<\/div>\n\t\t\t\t<div class=\"elementor-element elementor-element-367a6f2 elementor-widget elementor-widget-heading\" data-id=\"367a6f2\" data-element_type=\"widget\" data-widget_type=\"heading.default\">\n\t\t\t\t<div class=\"elementor-widget-container\">\n\t\t\t<h1 class=\"elementor-heading-title elementor-size-default\">Cada cliente \u00e9 \u00fanico, e nosso servi\u00e7o reflete isso. Seu Personal <br>Banker est\u00e1 aqui para guiar voc\u00ea atrav\u00e9s do vasto mercado<br> financeiro, selecionando op\u00e7\u00f5es que se alinham perfeitamente com<br> seus planos de vida e investimento.<\/h1>\t\t<\/div>\n\t\t\t\t<\/div>\n\t\t\t\t<div class=\"elementor-element elementor-element-c032977 elementor-widget elementor-widget-heading\" data-id=\"c032977\" data-element_type=\"widget\" data-widget_type=\"heading.default\">\n\t\t\t\t<div class=\"elementor-widget-container\">\n\t\t\t<h1 class=\"elementor-heading-title elementor-size-default\">CONEX\u00c3O COM OS MELHORES:<\/h1>\t\t<\/div>\n\t\t\t\t<\/div>\n\t\t\t\t<div class=\"elementor-element elementor-element-2b2a54b elementor-widget elementor-widget-heading\" data-id=\"2b2a54b\" data-element_type=\"widget\" data-widget_type=\"heading.default\">\n\t\t\t\t<div class=\"elementor-widget-container\">\n\t\t\t<h1 class=\"elementor-heading-title elementor-size-default\">Acesso direto \u00e0s principais institui\u00e7\u00f5es financeiras, garantindo <br>solu\u00e7\u00f5es de qualidade superior e as condi\u00e7\u00f5es mais vantajosas<br> do mercado.<\/h1>\t\t<\/div>\n\t\t\t\t<\/div>\n\t\t\t\t<div class=\"elementor-element elementor-element-0b3a9cf elementor-widget elementor-widget-heading\" data-id=\"0b3a9cf\" data-element_type=\"widget\" data-widget_type=\"heading.default\">\n\t\t\t\t<div class=\"elementor-widget-container\">\n\t\t\t<h1 class=\"elementor-heading-title elementor-size-default\">Efici\u00eancia e Inova\u00e7\u00e3o:<\/h1>\t\t<\/div>\n\t\t\t\t<\/div>\n\t\t\t\t<div class=\"elementor-element elementor-element-46c1708 elementor-widget elementor-widget-heading\" data-id=\"46c1708\" data-element_type=\"widget\" data-widget_type=\"heading.default\">\n\t\t\t\t<div class=\"elementor-widget-container\">\n\t\t\t<h1 class=\"elementor-heading-title elementor-size-default\">A burocracia tradicional d\u00e1 lugar a um processo \u00e1gil e digital, <br>permitindo que voc\u00ea fa\u00e7a escolhas financeiras inteligentes <br>sem complica\u00e7\u00f5es.<\/h1>\t\t<\/div>\n\t\t\t\t<\/div>\n\t\t\t\t<div class=\"elementor-element elementor-element-616aee7 elementor-widget elementor-widget-heading\" data-id=\"616aee7\" data-element_type=\"widget\" data-widget_type=\"heading.default\">\n\t\t\t\t<div class=\"elementor-widget-container\">\n\t\t\t<h1 class=\"elementor-heading-title elementor-size-default\">Com a Meu Banker, voc\u00ea n\u00e3o apenas encontra o produto certo, voc\u00ea <br>ganha um parceiro comprometido com o seu sucesso financeiro.<\/h1>\t\t<\/div>\n\t\t\t\t<\/div>\n\t\t\t\t<div class=\"elementor-element elementor-element-963414c elementor-mobile-align-center elementor-align-center elementor-invisible elementor-widget elementor-widget-button\" data-id=\"963414c\" data-element_type=\"widget\" data-settings=\"{&quot;_animation&quot;:&quot;fadeInDown&quot;}\" data-widget_type=\"button.default\">\n\t\t\t\t<div class=\"elementor-widget-container\">\n\t\t\t\t\t<div class=\"elementor-button-wrapper\">\n\t\t\t<a class=\"elementor-button elementor-button-link elementor-size-sm\" href=\"https:\/\/api.whatsapp.com\/send?phone=5512981622324&#038;text=Ol%C3%A1,%20gostaria%20de%20saber%20mais%20sobre%20o%20Meu%20Banker.\">\n\t\t\t\t\t\t<span class=\"elementor-button-content-wrapper\">\n\t\t\t\t\t\t<span class=\"elementor-button-text\">Fale com seu Personal Banker<\/span>\n\t\t<\/span>\n\t\t\t\t\t<\/a>\n\t\t<\/div>\n\t\t\t\t<\/div>\n\t\t\t\t<\/div>\n\t\t\t\t<\/div>\n\t\t<div class=\"elementor-element elementor-element-541bb27 e-con-full e-flex e-con e-parent\" data-id=\"541bb27\" data-element_type=\"container\" data-core-v316-plus=\"true\">\n\t\t<div class=\"elementor-element elementor-element-f25cebe e-con-full e-flex e-con e-child\" data-id=\"f25cebe\" data-element_type=\"container\">\n\t\t<div class=\"elementor-element elementor-element-f38302a e-con-full e-flex e-con e-child\" data-id=\"f38302a\" data-element_type=\"container\">\n\t\t\t\t<div class=\"elementor-element elementor-element-20d9804 elementor-widget__width-initial elementor-widget-mobile__width-initial elementor-widget elementor-widget-heading\" data-id=\"20d9804\" data-element_type=\"widget\" data-widget_type=\"heading.default\">\n\t\t\t\t<div class=\"elementor-widget-container\">\n\t\t\t<h1 class=\"elementor-heading-title elementor-size-default\">Concretize seus planos hoje com a Meu Banker<\/h1>\t\t<\/div>\n\t\t\t\t<\/div>\n\t\t\t\t<\/div>\n\t\t<div class=\"elementor-element elementor-element-145f298 e-con-full e-flex e-con e-child\" data-id=\"145f298\" data-element_type=\"container\">\n\t\t\t\t<div class=\"elementor-element elementor-element-acdfdf3 elementor-widget elementor-widget-text-editor\" data-id=\"acdfdf3\" data-element_type=\"widget\" data-widget_type=\"text-editor.default\">\n\t\t\t\t<div class=\"elementor-widget-container\">\n\t\t\t\t\t\t\t<p>Acesse o cr\u00e9dito que voc\u00ea precisa de forma r\u00e1pida e simplificada. Preencha nosso formul\u00e1rio agora e um Personal Banker entrar\u00e1 em contato para personalizar sua solu\u00e7\u00e3o financeira. Transforme o valor do seu im\u00f3vel em oportunidades sem esperar mais. A decis\u00e3o inteligente para seu futuro financeiro come\u00e7a aqui.<\/p>\t\t\t\t\t\t<\/div>\n\t\t\t\t<\/div>\n\t\t\t\t<\/div>\n\t\t\t\t<\/div>\n\t\t\t\t<div class=\"elementor-element elementor-element-a605ca3 elementor-widget elementor-widget-image\" data-id=\"a605ca3\" data-element_type=\"widget\" data-widget_type=\"image.default\">\n\t\t\t\t<div class=\"elementor-widget-container\">\n\t\t\t\t\t\t\t\t\t\t\t\t\t<img loading=\"lazy\" decoding=\"async\" width=\"1669\" height=\"829\" src=\"https:\/\/meubanker.com\/wp-content\/uploads\/2024\/03\/DSC09020-e1711656089143.jpg\" class=\"attachment-full size-full wp-image-41\" alt=\"\" srcset=\"https:\/\/meubanker.com\/wp-content\/uploads\/2024\/03\/DSC09020-e1711656089143.jpg 1669w, https:\/\/meubanker.com\/wp-content\/uploads\/2024\/03\/DSC09020-e1711656089143-300x149.jpg 300w, https:\/\/meubanker.com\/wp-content\/uploads\/2024\/03\/DSC09020-e1711656089143-1024x509.jpg 1024w, https:\/\/meubanker.com\/wp-content\/uploads\/2024\/03\/DSC09020-e1711656089143-768x381.jpg 768w, https:\/\/meubanker.com\/wp-content\/uploads\/2024\/03\/DSC09020-e1711656089143-1536x763.jpg 1536w\" sizes=\"(max-width: 1669px) 100vw, 1669px\" \/>\t\t\t\t\t\t\t\t\t\t\t\t\t<\/div>\n\t\t\t\t<\/div>\n\t\t\t\t<\/div>\n\t\t<div class=\"elementor-element elementor-element-4607283 e-con-full e-flex e-con e-parent\" data-id=\"4607283\" data-element_type=\"container\" data-core-v316-plus=\"true\">\n\t\t\t\t<div class=\"elementor-element elementor-element-54fd435 elementor-widget elementor-widget-heading\" data-id=\"54fd435\" data-element_type=\"widget\" data-widget_type=\"heading.default\">\n\t\t\t\t<div class=\"elementor-widget-container\">\n\t\t\t<h1 class=\"elementor-heading-title elementor-size-default\">Clique no Bot\u00e3o e fale conosco<\/h1>\t\t<\/div>\n\t\t\t\t<\/div>\n\t\t\t\t<div class=\"elementor-element elementor-element-47a5810 elementor-mobile-align-center elementor-align-center elementor-invisible elementor-widget elementor-widget-button\" data-id=\"47a5810\" data-element_type=\"widget\" data-settings=\"{&quot;_animation&quot;:&quot;fadeInDown&quot;}\" data-widget_type=\"button.default\">\n\t\t\t\t<div class=\"elementor-widget-container\">\n\t\t\t\t\t<div class=\"elementor-button-wrapper\">\n\t\t\t<a class=\"elementor-button elementor-button-link elementor-size-sm\" href=\"https:\/\/api.whatsapp.com\/send?phone=5512981622324&#038;text=Ol%C3%A1,%20gostaria%20de%20saber%20mais%20sobre%20o%20Meu%20Banker.\">\n\t\t\t\t\t\t<span class=\"elementor-button-content-wrapper\">\n\t\t\t\t\t\t<span class=\"elementor-button-text\">Fale com seu Personal Banker<\/span>\n\t\t<\/span>\n\t\t\t\t\t<\/a>\n\t\t<\/div>\n\t\t\t\t<\/div>\n\t\t\t\t<\/div>\n\t\t\t\t<\/div>\n\t\t<footer class=\"elementor-element elementor-element-44e45190 e-con-full e-flex e-con e-parent\" data-id=\"44e45190\" data-element_type=\"container\" data-core-v316-plus=\"true\">\n\t\t<div class=\"elementor-element elementor-element-131f3b04 e-con-full e-flex e-con e-child\" data-id=\"131f3b04\" data-element_type=\"container\">\n\t\t\t\t<div class=\"elementor-element elementor-element-499fa573 elementor-icon-list--layout-inline elementor-tablet-align-center elementor-align-center elementor-list-item-link-full_width elementor-widget elementor-widget-icon-list\" data-id=\"499fa573\" data-element_type=\"widget\" data-widget_type=\"icon-list.default\">\n\t\t\t\t<div class=\"elementor-widget-container\">\n\t\t\t<link rel=\"stylesheet\" href=\"https:\/\/meubanker.com\/wp-content\/plugins\/elementor\/assets\/css\/widget-icon-list.min.css\">\t\t<ul class=\"elementor-icon-list-items elementor-inline-items\">\n\t\t\t\t\t\t\t<li class=\"elementor-icon-list-item elementor-inline-item\">\n\t\t\t\t\t\t\t\t\t\t<span class=\"elementor-icon-list-text\">\u00c1lvaro Vaccari\nPersonal Banker<\/span>\n\t\t\t\t\t\t\t\t\t<\/li>\n\t\t\t\t\t\t\t\t<li class=\"elementor-icon-list-item elementor-inline-item\">\n\t\t\t\t\t\t\t\t\t\t<span class=\"elementor-icon-list-text\">alvarovaccari@meubanker.com<\/span>\n\t\t\t\t\t\t\t\t\t<\/li>\n\t\t\t\t\t\t\t\t<li class=\"elementor-icon-list-item elementor-inline-item\">\n\t\t\t\t\t\t\t\t\t\t<span class=\"elementor-icon-list-text\">Caraguatatuba -  SP<\/span>\n\t\t\t\t\t\t\t\t\t<\/li>\n\t\t\t\t\t\t<\/ul>\n\t\t\t\t<\/div>\n\t\t\t\t<\/div>\n\t\t\t\t<\/div>\n\t\t\t\t<\/footer>\n\t\t<div class=\"elementor-element elementor-element-457a57a8 e-con-full e-flex e-con e-parent\" data-id=\"457a57a8\" data-element_type=\"container\" data-settings=\"{&quot;background_background&quot;:&quot;classic&quot;}\" data-core-v316-plus=\"true\">\n\t\t\t\t<div class=\"elementor-element elementor-element-211593e2 elementor-widget elementor-widget-heading\" data-id=\"211593e2\" data-element_type=\"widget\" data-widget_type=\"heading.default\">\n\t\t\t\t<div class=\"elementor-widget-container\">\n\t\t\t<p class=\"elementor-heading-title elementor-size-default\">\u00a9 Direitos reservados por \u00c1lvaro Vaccari<\/p>\t\t<\/div>\n\t\t\t\t<\/div>\n\t\t\t\t<\/div>\n\t\t\t\t<\/div>\n\t\t","protected":false},"excerpt":{"rendered":"<p>Transforme seu im\u00f3vel em oportunidades sem precedentes com Meu Banker! Descubra uma forma exclusiva e inovadora de financiar seu im\u00f3vel Oferecemos cr\u00e9ditos adapt\u00e1veis que abrem caminho para alcan\u00e7ar seus objetivos, com taxas atrativas e pagamentos estendidos, mantendo sempre a sua propriedade. Explore diversas op\u00e7\u00f5es, todas selecionadas por especialistas, garantindo a solu\u00e7\u00e3o exata para suas necessidades, [&hellip;]<\/p>\n","protected":false},"author":1,"featured_media":0,"parent":9,"menu_order":0,"comment_status":"closed","ping_status":"closed","template":"elementor_canvas","meta":{"_monsterinsights_skip_tracking":false,"_monsterinsights_sitenote_active":false,"_monsterinsights_sitenote_note":"","_monsterinsights_sitenote_category":0,"footnotes":""},"aioseo_notices":[],"_links":{"self":[{"href":"https:\/\/meubanker.com\/index.php?rest_route=\/wp\/v2\/pages\/18"}],"collection":[{"href":"https:\/\/meubanker.com\/index.php?rest_route=\/wp\/v2\/pages"}],"about":[{"href":"https:\/\/meubanker.com\/index.php?rest_route=\/wp\/v2\/types\/page"}],"author":[{"embeddable":true,"href":"https:\/\/meubanker.com\/index.php?rest_route=\/wp\/v2\/users\/1"}],"replies":[{"embeddable":true,"href":"https:\/\/meubanker.com\/index.php?rest_route=%2Fwp%2Fv2%2Fcomments&post=18"}],"version-history":[{"count":206,"href":"https:\/\/meubanker.com\/index.php?rest_route=\/wp\/v2\/pages\/18\/revisions"}],"predecessor-version":[{"id":255,"href":"https:\/\/meubanker.com\/index.php?rest_route=\/wp\/v2\/pages\/18\/revisions\/255"}],"up":[{"embeddable":true,"href":"https:\/\/meubanker.com\/index.php?rest_route=\/wp\/v2\/pages\/9"}],"wp:attachment":[{"href":"https:\/\/meubanker.com\/index.php?rest_route=%2Fwp%2Fv2%2Fmedia&parent=18"}],"curies":[{"name":"wp","href":"https:\/\/api.w.org\/{rel}","templated":true}]}}